{"id":40,"date":"2023-05-11T01:32:25","date_gmt":"2023-05-11T04:32:25","guid":{"rendered":"https:\/\/scsplashcommerce.com\/secaja\/?page_id=40"},"modified":"2023-05-14T01:13:02","modified_gmt":"2023-05-14T04:13:02","slug":"elementor-40","status":"publish","type":"page","link":"https:\/\/scsplashcommerce.com\/secaja\/","title":{"rendered":"homesecaja"},"content":{"rendered":"\t\t<div data-elementor-type=\"wp-page\" data-elementor-id=\"40\" class=\"elementor elementor-40\">\n\t\t\t\t\t\t\t\t\t<section class=\"elementor-section elementor-top-section elementor-element elementor-element-9923882 elementor-section-boxed elementor-section-height-default elementor-section-height-default\" data-id=\"9923882\" data-element_type=\"section\">\n\t\t\t\t\t\t<div class=\"elementor-container elementor-column-gap-default\">\n\t\t\t\t\t<div class=\"elementor-column elementor-col-100 elementor-top-column elementor-element elementor-element-7bc8fe6\" data-id=\"7bc8fe6\" data-element_type=\"column\">\n\t\t\t<div class=\"elementor-widget-wrap elementor-element-populated\">\n\t\t\t\t\t\t\t\t<div class=\"elementor-element elementor-element-39ee792 elementor-widget elementor-widget-heading\" data-id=\"39ee792\" data-element_type=\"widget\" data-widget_type=\"heading.default\">\n\t\t\t\t<div class=\"elementor-widget-container\">\n\t\t\t<style>\/*! elementor - v3.13.2 - 11-05-2023 *\/\n.elementor-heading-title{padding:0;margin:0;line-height:1}.elementor-widget-heading .elementor-heading-title[class*=elementor-size-]>a{color:inherit;font-size:inherit;line-height:inherit}.elementor-widget-heading .elementor-heading-title.elementor-size-small{font-size:15px}.elementor-widget-heading .elementor-heading-title.elementor-size-medium{font-size:19px}.elementor-widget-heading .elementor-heading-title.elementor-size-large{font-size:29px}.elementor-widget-heading .elementor-heading-title.elementor-size-xl{font-size:39px}.elementor-widget-heading .elementor-heading-title.elementor-size-xxl{font-size:59px}<\/style><h2 class=\"elementor-heading-title elementor-size-default\">Seca j\u00e1<\/h2>\t\t<\/div>\n\t\t\t\t<\/div>\n\t\t\t\t<div class=\"elementor-element elementor-element-7f63dee elementor-widget elementor-widget-heading\" data-id=\"7f63dee\" data-element_type=\"widget\" data-widget_type=\"heading.default\">\n\t\t\t\t<div class=\"elementor-widget-container\">\n\t\t\t<h2 class=\"elementor-heading-title elementor-size-default\">O Fim da gordura localizada\nNova f\u00f3rmula chega ao Brasil!<\/h2>\t\t<\/div>\n\t\t\t\t<\/div>\n\t\t\t\t<div class=\"elementor-element elementor-element-6891b3d elementor-widget elementor-widget-heading\" data-id=\"6891b3d\" data-element_type=\"widget\" data-widget_type=\"heading.default\">\n\t\t\t\t<div class=\"elementor-widget-container\">\n\t\t\t<h2 class=\"elementor-heading-title elementor-size-default\">Clique na imagem a seguir e transforme a sua vida...<\/h2>\t\t<\/div>\n\t\t\t\t<\/div>\n\t\t\t\t<div class=\"elementor-element elementor-element-af48e06 elementor-widget elementor-widget-image\" data-id=\"af48e06\" data-element_type=\"widget\" data-widget_type=\"image.default\">\n\t\t\t\t<div class=\"elementor-widget-container\">\n\t\t\t<style>\/*! elementor - v3.13.2 - 11-05-2023 *\/\n.elementor-widget-image{text-align:center}.elementor-widget-image a{display:inline-block}.elementor-widget-image a img[src$=\".svg\"]{width:48px}.elementor-widget-image img{vertical-align:middle;display:inline-block}<\/style>\t\t\t\t\t\t\t\t\t\t\t\t\t<a href=\"https:\/\/ev.braip.com\/pv\/lipon0oy\/afim8d3mv\">\n\t\t\t\t\t\t\t<img decoding=\"async\" width=\"533\" height=\"750\" src=\"https:\/\/scsplashcommerce.com\/secaja\/wp-content\/uploads\/2023\/05\/potes-principal-1.png\" class=\"attachment-large size-large wp-image-9\" alt=\"Produto Seca J\u00e1\" loading=\"lazy\" srcset=\"https:\/\/scsplashcommerce.com\/secaja\/wp-content\/uploads\/2023\/05\/potes-principal-1.png 533w, https:\/\/scsplashcommerce.com\/secaja\/wp-content\/uploads\/2023\/05\/potes-principal-1-213x300.png 213w\" sizes=\"(max-width: 533px) 100vw, 533px\" \/>\t\t\t\t\t\t\t\t<\/a>\n\t\t\t\t\t\t\t\t\t\t\t\t\t\t\t<\/div>\n\t\t\t\t<\/div>\n\t\t\t\t<div class=\"elementor-element elementor-element-698ef41 elementor-widget elementor-widget-text-editor\" data-id=\"698ef41\" data-element_type=\"widget\" data-widget_type=\"text-editor.default\">\n\t\t\t\t<div class=\"elementor-widget-container\">\n\t\t\t<style>\/*! elementor - v3.13.2 - 11-05-2023 *\/\n.elementor-widget-text-editor.elementor-drop-cap-view-stacked .elementor-drop-cap{background-color:#69727d;color:#fff}.elementor-widget-text-editor.elementor-drop-cap-view-framed .elementor-drop-cap{color:#69727d;border:3px solid;background-color:transparent}.elementor-widget-text-editor:not(.elementor-drop-cap-view-default) .elementor-drop-cap{margin-top:8px}.elementor-widget-text-editor:not(.elementor-drop-cap-view-default) .elementor-drop-cap-letter{width:1em;height:1em}.elementor-widget-text-editor .elementor-drop-cap{float:left;text-align:center;line-height:1;font-size:50px}.elementor-widget-text-editor .elementor-drop-cap-letter{display:inline-block}<\/style>\t\t\t\t<p>A gordura localizada refere-se ao ac\u00famulo de tecido adiposo em \u00e1reas espec\u00edficas do corpo, como abd\u00f4men, coxas, quadris e bra\u00e7os. Apesar de ser influenciada por fatores gen\u00e9ticos e hormonais, a gordura localizada tamb\u00e9m est\u00e1 associada ao estilo de vida, alimenta\u00e7\u00e3o inadequada e falta de atividade f\u00edsica.<\/p><p>Diversas estrat\u00e9gias t\u00eam sido investigadas para combater a gordura localizada, incluindo dieta equilibrada, exerc\u00edcios f\u00edsicos, procedimentos est\u00e9ticos n\u00e3o invasivos e interven\u00e7\u00f5es farmacol\u00f3gicas. A combina\u00e7\u00e3o de dieta saud\u00e1vel e exerc\u00edcios f\u00edsicos tem sido amplamente recomendada como abordagem de primeira linha, promovendo a perda de gordura de forma gradual e sustent\u00e1vel.<\/p><p>Estudos t\u00eam investigado tamb\u00e9m o papel de interven\u00e7\u00f5es farmacol\u00f3gicas, como medicamentos redutores de apetite e inibidores de absor\u00e7\u00e3o de gordura, no combate \u00e0 gordura localizada, assim como o <a href=\"https:\/\/ev.braip.com\/pv\/lipon0oy\/afim8d3mv\">Seca J\u00e1<\/a>.\u00a0<\/p><p>Acesse a indica\u00e7\u00e3o do produto que ir\u00e1 transformar sua vida quanto a queima de gordura localizada: <a href=\"https:\/\/ev.braip.com\/pv\/lipon0oy\/afim8d3mv\" target=\"_blank\" rel=\"noopener\">quero mudar j\u00e1<\/a><\/p><p>Leia mais em <a href=\"https:\/\/qr.ae\/pyh7BE\"><u>artigo<\/u><\/a><\/p>\t\t\t\t\t\t<\/div>\n\t\t\t\t<\/div>\n\t\t\t\t\t<\/div>\n\t\t<\/div>\n\t\t\t\t\t\t\t<\/div>\n\t\t<\/section>\n\t\t\t\t<section class=\"elementor-section elementor-top-section elementor-element elementor-element-81d693c elementor-section-boxed elementor-section-height-default elementor-section-height-default\" data-id=\"81d693c\" data-element_type=\"section\">\n\t\t\t\t\t\t<div class=\"elementor-container elementor-column-gap-default\">\n\t\t\t\t\t<div class=\"elementor-column elementor-col-33 elementor-top-column elementor-element elementor-element-a153ec7\" data-id=\"a153ec7\" data-element_type=\"column\">\n\t\t\t<div class=\"elementor-widget-wrap elementor-element-populated\">\n\t\t\t\t\t\t\t\t<div class=\"elementor-element elementor-element-aa142de elementor-widget elementor-widget-heading\" data-id=\"aa142de\" data-element_type=\"widget\" data-widget_type=\"heading.default\">\n\t\t\t\t<div class=\"elementor-widget-container\">\n\t\t\t<h2 class=\"elementor-heading-title elementor-size-default\">Adquira 1 <br>pote<\/h2>\t\t<\/div>\n\t\t\t\t<\/div>\n\t\t\t\t\t<\/div>\n\t\t<\/div>\n\t\t\t\t<div class=\"elementor-column elementor-col-33 elementor-top-column elementor-element elementor-element-1300f3f\" data-id=\"1300f3f\" data-element_type=\"column\">\n\t\t\t<div class=\"elementor-widget-wrap elementor-element-populated\">\n\t\t\t\t\t\t\t\t<div class=\"elementor-element elementor-element-2029be7 elementor-widget elementor-widget-heading\" data-id=\"2029be7\" data-element_type=\"widget\" data-widget_type=\"heading.default\">\n\t\t\t\t<div class=\"elementor-widget-container\">\n\t\t\t<h2 class=\"elementor-heading-title elementor-size-default\">Adquira 3 potes<\/h2>\t\t<\/div>\n\t\t\t\t<\/div>\n\t\t\t\t\t<\/div>\n\t\t<\/div>\n\t\t\t\t<div class=\"elementor-column elementor-col-33 elementor-top-column elementor-element elementor-element-58b6538\" data-id=\"58b6538\" data-element_type=\"column\">\n\t\t\t<div class=\"elementor-widget-wrap elementor-element-populated\">\n\t\t\t\t\t\t\t\t<div class=\"elementor-element elementor-element-c454a5c elementor-widget elementor-widget-heading\" data-id=\"c454a5c\" data-element_type=\"widget\" data-widget_type=\"heading.default\">\n\t\t\t\t<div class=\"elementor-widget-container\">\n\t\t\t<h2 class=\"elementor-heading-title elementor-size-default\">Adquira 5 potes +1 extra<\/h2>\t\t<\/div>\n\t\t\t\t<\/div>\n\t\t\t\t\t<\/div>\n\t\t<\/div>\n\t\t\t\t\t\t\t<\/div>\n\t\t<\/section>\n\t\t\t\t<section class=\"elementor-section elementor-top-section elementor-element elementor-element-1c02ca5 elementor-section-boxed elementor-section-height-default elementor-section-height-default\" data-id=\"1c02ca5\" data-element_type=\"section\">\n\t\t\t\t\t\t<div class=\"elementor-container elementor-column-gap-default\">\n\t\t\t\t\t<div class=\"elementor-column elementor-col-33 elementor-top-column elementor-element elementor-element-b81887f\" data-id=\"b81887f\" data-element_type=\"column\">\n\t\t\t<div class=\"elementor-widget-wrap elementor-element-populated\">\n\t\t\t\t\t\t\t\t<div class=\"elementor-element elementor-element-fc5809e elementor-widget elementor-widget-image\" data-id=\"fc5809e\" data-element_type=\"widget\" data-widget_type=\"image.default\">\n\t\t\t\t<div class=\"elementor-widget-container\">\n\t\t\t\t\t\t\t\t\t\t\t\t\t\t\t\t<a href=\"https:\/\/ev.braip.com\/ref?pl=plagd0eg&#038;ck=che6rme1&#038;af=afim8d3mv\" target=\"_blank\">\n\t\t\t\t\t\t\t<img decoding=\"async\" width=\"300\" height=\"110\" src=\"https:\/\/scsplashcommerce.com\/secaja\/wp-content\/uploads\/2023\/05\/botao-comprar-300x110.gif\" class=\"attachment-medium size-medium wp-image-73\" alt=\"\" loading=\"lazy\" \/>\t\t\t\t\t\t\t\t<\/a>\n\t\t\t\t\t\t\t\t\t\t\t\t\t\t\t<\/div>\n\t\t\t\t<\/div>\n\t\t\t\t\t<\/div>\n\t\t<\/div>\n\t\t\t\t<div class=\"elementor-column elementor-col-33 elementor-top-column elementor-element elementor-element-f68e36f\" data-id=\"f68e36f\" data-element_type=\"column\">\n\t\t\t<div class=\"elementor-widget-wrap elementor-element-populated\">\n\t\t\t\t\t\t\t\t<div class=\"elementor-element elementor-element-4177bc9 elementor-widget elementor-widget-image\" data-id=\"4177bc9\" data-element_type=\"widget\" data-widget_type=\"image.default\">\n\t\t\t\t<div class=\"elementor-widget-container\">\n\t\t\t\t\t\t\t\t\t\t\t\t\t\t\t\t<a href=\"https:\/\/ev.braip.com\/ref?pl=pla24l1x&#038;ck=che6rme1&#038;af=afim8d3mv\" target=\"_blank\">\n\t\t\t\t\t\t\t<img decoding=\"async\" width=\"300\" height=\"110\" src=\"https:\/\/scsplashcommerce.com\/secaja\/wp-content\/uploads\/2023\/05\/botao-comprar-300x110.gif\" class=\"attachment-medium size-medium wp-image-73\" alt=\"\" loading=\"lazy\" \/>\t\t\t\t\t\t\t\t<\/a>\n\t\t\t\t\t\t\t\t\t\t\t\t\t\t\t<\/div>\n\t\t\t\t<\/div>\n\t\t\t\t\t<\/div>\n\t\t<\/div>\n\t\t\t\t<div class=\"elementor-column elementor-col-33 elementor-top-column elementor-element elementor-element-8c79283\" data-id=\"8c79283\" data-element_type=\"column\">\n\t\t\t<div class=\"elementor-widget-wrap elementor-element-populated\">\n\t\t\t\t\t\t\t\t<div class=\"elementor-element elementor-element-75e6e2a elementor-widget elementor-widget-image\" data-id=\"75e6e2a\" data-element_type=\"widget\" data-widget_type=\"image.default\">\n\t\t\t\t<div class=\"elementor-widget-container\">\n\t\t\t\t\t\t\t\t\t\t\t\t\t\t\t\t<a href=\"https:\/\/ev.braip.com\/ref?pl=pla46dd9&#038;ck=che6rme1&#038;af=afim8d3mv\" target=\"_blank\">\n\t\t\t\t\t\t\t<img decoding=\"async\" width=\"300\" height=\"110\" src=\"https:\/\/scsplashcommerce.com\/secaja\/wp-content\/uploads\/2023\/05\/botao-comprar-300x110.gif\" class=\"attachment-medium size-medium wp-image-73\" alt=\"\" loading=\"lazy\" \/>\t\t\t\t\t\t\t\t<\/a>\n\t\t\t\t\t\t\t\t\t\t\t\t\t\t\t<\/div>\n\t\t\t\t<\/div>\n\t\t\t\t\t<\/div>\n\t\t<\/div>\n\t\t\t\t\t\t\t<\/div>\n\t\t<\/section>\n\t\t\t\t<section class=\"elementor-section elementor-top-section elementor-element elementor-element-1270fc0 elementor-section-boxed elementor-section-height-default elementor-section-height-default\" data-id=\"1270fc0\" data-element_type=\"section\">\n\t\t\t\t\t\t<div class=\"elementor-container elementor-column-gap-default\">\n\t\t\t\t\t<div class=\"elementor-column elementor-col-50 elementor-top-column elementor-element elementor-element-0b6b351\" data-id=\"0b6b351\" data-element_type=\"column\">\n\t\t\t<div class=\"elementor-widget-wrap elementor-element-populated\">\n\t\t\t\t\t\t\t\t<div class=\"elementor-element elementor-element-172df2c elementor-widget elementor-widget-heading\" data-id=\"172df2c\" data-element_type=\"widget\" data-widget_type=\"heading.default\">\n\t\t\t\t<div class=\"elementor-widget-container\">\n\t\t\t<h2 class=\"elementor-heading-title elementor-size-default\">Adquira 10 <br>potes<\/h2>\t\t<\/div>\n\t\t\t\t<\/div>\n\t\t\t\t\t<\/div>\n\t\t<\/div>\n\t\t\t\t<div class=\"elementor-column elementor-col-50 elementor-top-column elementor-element elementor-element-8dac5bc\" data-id=\"8dac5bc\" data-element_type=\"column\">\n\t\t\t<div class=\"elementor-widget-wrap elementor-element-populated\">\n\t\t\t\t\t\t\t\t<div class=\"elementor-element elementor-element-b0e171b elementor-widget elementor-widget-heading\" data-id=\"b0e171b\" data-element_type=\"widget\" data-widget_type=\"heading.default\">\n\t\t\t\t<div class=\"elementor-widget-container\">\n\t\t\t<h2 class=\"elementor-heading-title elementor-size-default\">Adquira 20 potes (atacado)<\/h2>\t\t<\/div>\n\t\t\t\t<\/div>\n\t\t\t\t\t<\/div>\n\t\t<\/div>\n\t\t\t\t\t\t\t<\/div>\n\t\t<\/section>\n\t\t\t\t<section class=\"elementor-section elementor-top-section elementor-element elementor-element-90c9ec5 elementor-section-boxed elementor-section-height-default elementor-section-height-default\" data-id=\"90c9ec5\" data-element_type=\"section\">\n\t\t\t\t\t\t<div class=\"elementor-container elementor-column-gap-default\">\n\t\t\t\t\t<div class=\"elementor-column elementor-col-50 elementor-top-column elementor-element elementor-element-d79a17a\" data-id=\"d79a17a\" data-element_type=\"column\">\n\t\t\t<div class=\"elementor-widget-wrap elementor-element-populated\">\n\t\t\t\t\t\t\t\t<div class=\"elementor-element elementor-element-bfde492 elementor-widget elementor-widget-image\" data-id=\"bfde492\" data-element_type=\"widget\" data-widget_type=\"image.default\">\n\t\t\t\t<div class=\"elementor-widget-container\">\n\t\t\t\t\t\t\t\t\t\t\t\t\t\t\t\t<a href=\"https:\/\/ev.braip.com\/ref?pl=plazpxxj&#038;ck=che6rme1&#038;af=afim8d3mv\" target=\"_blank\">\n\t\t\t\t\t\t\t<img decoding=\"async\" width=\"300\" height=\"110\" src=\"https:\/\/scsplashcommerce.com\/secaja\/wp-content\/uploads\/2023\/05\/botao-comprar-300x110.gif\" class=\"attachment-medium size-medium wp-image-73\" alt=\"\" loading=\"lazy\" \/>\t\t\t\t\t\t\t\t<\/a>\n\t\t\t\t\t\t\t\t\t\t\t\t\t\t\t<\/div>\n\t\t\t\t<\/div>\n\t\t\t\t\t<\/div>\n\t\t<\/div>\n\t\t\t\t<div class=\"elementor-column elementor-col-50 elementor-top-column elementor-element elementor-element-5aade18\" data-id=\"5aade18\" data-element_type=\"column\">\n\t\t\t<div class=\"elementor-widget-wrap elementor-element-populated\">\n\t\t\t\t\t\t\t\t<div class=\"elementor-element elementor-element-2c25b0c elementor-widget elementor-widget-image\" data-id=\"2c25b0c\" data-element_type=\"widget\" data-widget_type=\"image.default\">\n\t\t\t\t<div class=\"elementor-widget-container\">\n\t\t\t\t\t\t\t\t\t\t\t\t\t\t\t\t<a href=\"https:\/\/ev.braip.com\/ref?pl=plapq9mn&#038;ck=che6rme1&#038;af=afim8d3mv\" target=\"_blank\">\n\t\t\t\t\t\t\t<img decoding=\"async\" width=\"300\" height=\"110\" src=\"https:\/\/scsplashcommerce.com\/secaja\/wp-content\/uploads\/2023\/05\/botao-comprar-300x110.gif\" class=\"attachment-medium size-medium wp-image-73\" alt=\"\" loading=\"lazy\" \/>\t\t\t\t\t\t\t\t<\/a>\n\t\t\t\t\t\t\t\t\t\t\t\t\t\t\t<\/div>\n\t\t\t\t<\/div>\n\t\t\t\t\t<\/div>\n\t\t<\/div>\n\t\t\t\t\t\t\t<\/div>\n\t\t<\/section>\n\t\t\t\t<section class=\"elementor-section elementor-top-section elementor-element elementor-element-c70951e elementor-section-boxed elementor-section-height-default elementor-section-height-default\" data-id=\"c70951e\" data-element_type=\"section\">\n\t\t\t\t\t\t<div class=\"elementor-container elementor-column-gap-default\">\n\t\t\t\t\t<div class=\"elementor-column elementor-col-100 elementor-top-column elementor-element elementor-element-edcf20f\" data-id=\"edcf20f\" data-element_type=\"column\">\n\t\t\t<div class=\"elementor-widget-wrap elementor-element-populated\">\n\t\t\t\t\t\t\t\t<div class=\"elementor-element elementor-element-92a0c29 elementor-widget elementor-widget-image\" data-id=\"92a0c29\" data-element_type=\"widget\" data-widget_type=\"image.default\">\n\t\t\t\t<div class=\"elementor-widget-container\">\n\t\t\t\t\t\t\t\t\t\t\t\t\t\t\t\t<a href=\"https:\/\/scsplashcommerce.com\/secaja\">\n\t\t\t\t\t\t\t<img decoding=\"async\" width=\"300\" height=\"117\" src=\"https:\/\/scsplashcommerce.com\/secaja\/wp-content\/uploads\/2023\/05\/ssl-secure-300x117.png\" class=\"attachment-medium size-medium wp-image-74\" alt=\"\" loading=\"lazy\" srcset=\"https:\/\/scsplashcommerce.com\/secaja\/wp-content\/uploads\/2023\/05\/ssl-secure-300x117.png 300w, https:\/\/scsplashcommerce.com\/secaja\/wp-content\/uploads\/2023\/05\/ssl-secure.png 384w\" sizes=\"(max-width: 300px) 100vw, 300px\" \/>\t\t\t\t\t\t\t\t<\/a>\n\t\t\t\t\t\t\t\t\t\t\t\t\t\t\t<\/div>\n\t\t\t\t<\/div>\n\t\t\t\t\t<\/div>\n\t\t<\/div>\n\t\t\t\t\t\t\t<\/div>\n\t\t<\/section>\n\t\t\t\t<section class=\"elementor-section elementor-top-section elementor-element elementor-element-a7bcda2 elementor-section-boxed elementor-section-height-default elementor-section-height-default\" data-id=\"a7bcda2\" data-element_type=\"section\">\n\t\t\t\t\t\t<div class=\"elementor-container elementor-column-gap-default\">\n\t\t\t\t\t<div class=\"elementor-column elementor-col-100 elementor-top-column elementor-element elementor-element-7a859f0\" data-id=\"7a859f0\" data-element_type=\"column\">\n\t\t\t<div class=\"elementor-widget-wrap elementor-element-populated\">\n\t\t\t\t\t\t\t\t<div class=\"elementor-element elementor-element-1bd0811 elementor-widget elementor-widget-image\" data-id=\"1bd0811\" data-element_type=\"widget\" data-widget_type=\"image.default\">\n\t\t\t\t<div class=\"elementor-widget-container\">\n\t\t\t\t\t\t\t\t\t\t\t\t\t\t\t\t<a href=\"https:\/\/scsplashcommerce.com\/secaja\">\n\t\t\t\t\t\t\t<img decoding=\"async\" width=\"205\" height=\"300\" src=\"https:\/\/scsplashcommerce.com\/secaja\/wp-content\/uploads\/2023\/05\/selo-garantia-205x300.png\" class=\"attachment-medium size-medium wp-image-72\" alt=\"\" loading=\"lazy\" srcset=\"https:\/\/scsplashcommerce.com\/secaja\/wp-content\/uploads\/2023\/05\/selo-garantia-205x300.png 205w, https:\/\/scsplashcommerce.com\/secaja\/wp-content\/uploads\/2023\/05\/selo-garantia-699x1024.png 699w, https:\/\/scsplashcommerce.com\/secaja\/wp-content\/uploads\/2023\/05\/selo-garantia-768x1125.png 768w, https:\/\/scsplashcommerce.com\/secaja\/wp-content\/uploads\/2023\/05\/selo-garantia.png 883w\" sizes=\"(max-width: 205px) 100vw, 205px\" \/>\t\t\t\t\t\t\t\t<\/a>\n\t\t\t\t\t\t\t\t\t\t\t\t\t\t\t<\/div>\n\t\t\t\t<\/div>\n\t\t\t\t\t<\/div>\n\t\t<\/div>\n\t\t\t\t\t\t\t<\/div>\n\t\t<\/section>\n\t\t\t\t\t\t\t<\/div>\n\t\t","protected":false},"excerpt":{"rendered":"<p>Seca j\u00e1 O Fim da gordura localizada Nova f\u00f3rmula chega ao Brasil! Clique na imagem a seguir e transforme a sua vida&#8230; A gordura localizada refere-se ao ac\u00famulo de tecido adiposo em \u00e1reas espec\u00edficas do corpo, como abd\u00f4men, coxas, quadris e bra\u00e7os. Apesar de ser influenciada por fatores gen\u00e9ticos e hormonais, a gordura localizada tamb\u00e9m [&hellip;]<\/p>\n","protected":false},"author":1,"featured_media":0,"parent":0,"menu_order":0,"comment_status":"closed","ping_status":"closed","template":"elementor_canvas","meta":[],"_links":{"self":[{"href":"https:\/\/scsplashcommerce.com\/secaja\/index.php\/wp-json\/wp\/v2\/pages\/40"}],"collection":[{"href":"https:\/\/scsplashcommerce.com\/secaja\/index.php\/wp-json\/wp\/v2\/pages"}],"about":[{"href":"https:\/\/scsplashcommerce.com\/secaja\/index.php\/wp-json\/wp\/v2\/types\/page"}],"author":[{"embeddable":true,"href":"https:\/\/scsplashcommerce.com\/secaja\/index.php\/wp-json\/wp\/v2\/users\/1"}],"replies":[{"embeddable":true,"href":"https:\/\/scsplashcommerce.com\/secaja\/index.php\/wp-json\/wp\/v2\/comments?post=40"}],"version-history":[{"count":48,"href":"https:\/\/scsplashcommerce.com\/secaja\/index.php\/wp-json\/wp\/v2\/pages\/40\/revisions"}],"predecessor-version":[{"id":93,"href":"https:\/\/scsplashcommerce.com\/secaja\/index.php\/wp-json\/wp\/v2\/pages\/40\/revisions\/93"}],"wp:attachment":[{"href":"https:\/\/scsplashcommerce.com\/secaja\/index.php\/wp-json\/wp\/v2\/media?parent=40"}],"curies":[{"name":"wp","href":"https:\/\/api.w.org\/{rel}","templated":true}]}}